{"id":58,"date":"2026-03-16T15:21:43","date_gmt":"2026-03-16T15:21:43","guid":{"rendered":"https:\/\/avionyx.blog\/?page_id=58"},"modified":"2026-03-16T15:21:47","modified_gmt":"2026-03-16T15:21:47","slug":"cookie-richtlinie","status":"publish","type":"page","link":"https:\/\/avionyx.blog\/index.php\/cookie-richtlinie\/","title":{"rendered":"COOKIE RICHTLINIE"},"content":{"rendered":"\n<p>Die Webseite von avionyx nutzt Cookies um Ihnen die Navigation durch unsere Leistungsbeschreibungen zu erleichtern. Cookies sind winzige Textdateien die Ihr Internetbrowser speichert w\u00e4hrend Sie sich unsere bisherigen Sanierungsprojekte in Oberhausen ansehen. Bouabdellah Houari nutzt diese simplen technischen Hilfsmittel lediglich um die Webseite stabil und f\u00fcr jeden Besucher sicher zu halten.<\/p>\n\n\n\n<p>Verwendete Arten von Cookies <\/p>\n\n\n\n<p>\u25ba Essenzielle Cookies f\u00fcr den reibungslosen und sicheren Aufbau der Webseite <\/p>\n\n\n\n<p>\u25ba Funktionale Cookies f\u00fcr die Speicherung Ihrer regionalen Ansichtspr\u00e4ferenzen <\/p>\n\n\n\n<p>\u25ba Tempor\u00e4re Session Cookies die nach dem Schlie\u00dfen Ihres Browsers sofort verschwinden<\/p>\n\n\n\n<p>Sie k\u00f6nnen Ihr Endger\u00e4t so einstellen dass Sie \u00fcber das Setzen von Cookies informiert werden. Wenn Sie alle Cookies blockieren kann es passieren dass unsere Bildergalerien von frisch renovierten Badezimmern oder ausgebauten Dachgeschossen nicht korrekt laden. Wir bei avionyx verzichten jedoch vollst\u00e4ndig auf aggressive Tracking Werkzeuge da wir uns auf solides Handwerk an der Wilhelmshavener Str. 40 konzentrieren und absolut kein Interesse an der weitreichenden Analyse Ihres Surfverhaltens haben.<\/p>\n","protected":false},"excerpt":{"rendered":"<p>Die Webseite von avionyx nutzt Cookies um Ihnen die Navigation durch unsere Leistungsbeschreibungen zu erleichtern. Cookies sind winzige Textdateien die Ihr Internetbrowser speichert w\u00e4hrend Sie sich unsere bisherigen Sanierungsprojekte in Oberhausen ansehen. Bouabdellah Houari nutzt diese simplen technischen Hilfsmittel lediglich um die Webseite stabil und f\u00fcr jeden Besucher sicher zu halten. Verwendete Arten von Cookies [&hellip;]<\/p>\n","protected":false},"author":1,"featured_media":0,"parent":0,"menu_order":7,"comment_status":"closed","ping_status":"closed","template":"","meta":{"footnotes":""},"class_list":["post-58","page","type-page","status-publish","hentry"],"_links":{"self":[{"href":"https:\/\/avionyx.blog\/index.php\/wp-json\/wp\/v2\/pages\/58","targetHints":{"allow":["GET"]}}],"collection":[{"href":"https:\/\/avionyx.blog\/index.php\/wp-json\/wp\/v2\/pages"}],"about":[{"href":"https:\/\/avionyx.blog\/index.php\/wp-json\/wp\/v2\/types\/page"}],"author":[{"embeddable":true,"href":"https:\/\/avionyx.blog\/index.php\/wp-json\/wp\/v2\/users\/1"}],"replies":[{"embeddable":true,"href":"https:\/\/avionyx.blog\/index.php\/wp-json\/wp\/v2\/comments?post=58"}],"version-history":[{"count":1,"href":"https:\/\/avionyx.blog\/index.php\/wp-json\/wp\/v2\/pages\/58\/revisions"}],"predecessor-version":[{"id":59,"href":"https:\/\/avionyx.blog\/index.php\/wp-json\/wp\/v2\/pages\/58\/revisions\/59"}],"wp:attachment":[{"href":"https:\/\/avionyx.blog\/index.php\/wp-json\/wp\/v2\/media?parent=58"}],"curies":[{"name":"wp","href":"https:\/\/api.w.org\/{rel}","templated":true}]}}