{"id":56,"date":"2026-03-16T15:21:23","date_gmt":"2026-03-16T15:21:23","guid":{"rendered":"https:\/\/avionyx.blog\/?page_id=56"},"modified":"2026-03-16T15:21:27","modified_gmt":"2026-03-16T15:21:27","slug":"datenschutzerklaerung","status":"publish","type":"page","link":"https:\/\/avionyx.blog\/index.php\/datenschutzerklaerung\/","title":{"rendered":"DATENSCHUTZERKL\u00c4RUNG"},"content":{"rendered":"\n<p>Der Schutz Ihrer Privatsph\u00e4re ist f\u00fcr das Team von avionyx ein fundamentales Anliegen. Wenn wir Ihre Wohnr\u00e4ume oder Ihr Badezimmer renovieren vertrauen Sie uns Ihr pers\u00f6nliches Zuhause an. Dieses immense Vertrauen setzen wir auch im digitalen Raum konsequent fort. Verantwortlicher f\u00fcr die gesamte Datenverarbeitung ist Bouabdellah Houari. Wir sammeln hier keine unn\u00f6tigen Informationen sondern konzentrieren uns auf das Wesentliche.<\/p>\n\n\n\n<p>Erhebung und Speicherung von Daten Wenn Sie uns \u00fcber mail@avionyx.blog kontaktieren um ein Angebot f\u00fcr Ihren Innenausbau in Oberhausen zu erhalten speichern wir diese Informationen ausschlie\u00dflich zur direkten Bearbeitung Ihres konkreten Bauprojekts. Wir geben niemals Baupl\u00e4ne oder Kundendaten an externe Firmen oder Werbeagenturen weiter. Unsere digitalen Systeme nutzen aktuelle SSL Verschl\u00fcsselungen um Ihre Dokumente sicher zu verwalten. Bouabdellah Houari b\u00fcrgt pers\u00f6nlich f\u00fcr die Diskretion unseres kleinen Betriebs.<\/p>\n\n\n\n<p>Ihre Rechte als Nutzer <\/p>\n\n\n\n<p>\u25ba Recht auf vollst\u00e4ndige Auskunft \u00fcber gespeicherte Projektdaten <\/p>\n\n\n\n<p>\u25ba Recht auf sofortige L\u00f6schung nach endg\u00fcltigem Abschluss der Bauarbeiten <\/p>\n\n\n\n<p>\u25ba Recht auf Berichtigung fehlerhafter Informationen zu Ihrer Immobilie <\/p>\n\n\n\n<p>\u25ba Recht auf Beschwerde bei der zust\u00e4ndigen Aufsichtsbeh\u00f6rde in Nordrhein Westfalen<\/p>\n\n\n\n<p>Wir erheben nur Daten die f\u00fcr die ordnungsgem\u00e4\u00dfe Ausf\u00fchrung unserer handwerklichen T\u00e4tigkeiten bei avionyx absolut zwingend notwendig sind. Sobald die gesetzlichen Aufbewahrungsfristen f\u00fcr unsere Handwerkerrechnungen abgelaufen sind l\u00f6schen wir Ihre Daten restlos aus unserem System in Oberhausen.<\/p>\n","protected":false},"excerpt":{"rendered":"<p>Der Schutz Ihrer Privatsph\u00e4re ist f\u00fcr das Team von avionyx ein fundamentales Anliegen. Wenn wir Ihre Wohnr\u00e4ume oder Ihr Badezimmer renovieren vertrauen Sie uns Ihr pers\u00f6nliches Zuhause an. Dieses immense Vertrauen setzen wir auch im digitalen Raum konsequent fort. Verantwortlicher f\u00fcr die gesamte Datenverarbeitung ist Bouabdellah Houari. Wir sammeln hier keine unn\u00f6tigen Informationen sondern konzentrieren [&hellip;]<\/p>\n","protected":false},"author":1,"featured_media":0,"parent":0,"menu_order":6,"comment_status":"closed","ping_status":"closed","template":"","meta":{"footnotes":""},"class_list":["post-56","page","type-page","status-publish","hentry"],"_links":{"self":[{"href":"https:\/\/avionyx.blog\/index.php\/wp-json\/wp\/v2\/pages\/56","targetHints":{"allow":["GET"]}}],"collection":[{"href":"https:\/\/avionyx.blog\/index.php\/wp-json\/wp\/v2\/pages"}],"about":[{"href":"https:\/\/avionyx.blog\/index.php\/wp-json\/wp\/v2\/types\/page"}],"author":[{"embeddable":true,"href":"https:\/\/avionyx.blog\/index.php\/wp-json\/wp\/v2\/users\/1"}],"replies":[{"embeddable":true,"href":"https:\/\/avionyx.blog\/index.php\/wp-json\/wp\/v2\/comments?post=56"}],"version-history":[{"count":1,"href":"https:\/\/avionyx.blog\/index.php\/wp-json\/wp\/v2\/pages\/56\/revisions"}],"predecessor-version":[{"id":57,"href":"https:\/\/avionyx.blog\/index.php\/wp-json\/wp\/v2\/pages\/56\/revisions\/57"}],"wp:attachment":[{"href":"https:\/\/avionyx.blog\/index.php\/wp-json\/wp\/v2\/media?parent=56"}],"curies":[{"name":"wp","href":"https:\/\/api.w.org\/{rel}","templated":true}]}}