{"id":54,"date":"2026-03-16T15:21:04","date_gmt":"2026-03-16T15:21:04","guid":{"rendered":"https:\/\/avionyx.blog\/?page_id=54"},"modified":"2026-03-16T15:21:08","modified_gmt":"2026-03-16T15:21:08","slug":"impressum","status":"publish","type":"page","link":"https:\/\/avionyx.blog\/index.php\/impressum\/","title":{"rendered":"IMPRESSUM"},"content":{"rendered":"\n<p>Verantwortlich f\u00fcr dieses digitale Angebot ist Bouabdellah Houari. Wir betreiben unter dem Namen avionyx ein lokales Handwerksunternehmen direkt hier in Oberhausen. Unsere Expertise liegt im umfassenden Innenausbau und der fachgerechten Renovierung von privatem Wohnraum im gesamten Ruhrgebiet. Wir sind Handwerker aus Leidenschaft und legen gro\u00dfen Wert darauf dass unsere Kunden jederzeit wissen wer auf ihrer Baustelle arbeitet.<\/p>\n\n\n\n<p>Angaben gem\u00e4\u00df Paragraph 5 Telemediengesetz <\/p>\n\n\n\n<p>\u25ba Inhaber: Bouabdellah Houari <\/p>\n\n\n\n<p>\u25ba Adresse: Wilhelmshavener Str. 40, 46049 Oberhausen <\/p>\n\n\n\n<p>\u25ba Elektronische Post: mail@avionyx.blog <\/p>\n\n\n\n<p>\u25ba Zust\u00e4ndigkeitsbereich: Handwerkliche Dienstleistungen avionyx<\/p>\n\n\n\n<p>Wir verzichten ganz bewusst auf die Teilnahme an Verfahren vor einer offiziellen Verbraucherschlichtungsstelle. Bei Problemen mit einer laufenden Renovierung oder bei Unstimmigkeiten am Bau kl\u00e4ren wir dies immer pers\u00f6nlich und direkt auf der Baustelle oder in unserem B\u00fcro an der Wilhelmshavener Str. 40 in Oberhausen. Wir sind Menschen die anpacken und Probleme durch offene Kommunikation l\u00f6sen. Alle Texte und Bilder unserer umgebauten Wohnungen auf dieser Pr\u00e4senz unterliegen dem strengen deutschen Urheberrecht und d\u00fcrfen nicht von anderen Firmen kopiert werden.<\/p>\n\n\n\n<p><\/p>\n","protected":false},"excerpt":{"rendered":"<p>Verantwortlich f\u00fcr dieses digitale Angebot ist Bouabdellah Houari. Wir betreiben unter dem Namen avionyx ein lokales Handwerksunternehmen direkt hier in Oberhausen. Unsere Expertise liegt im umfassenden Innenausbau und der fachgerechten Renovierung von privatem Wohnraum im gesamten Ruhrgebiet. Wir sind Handwerker aus Leidenschaft und legen gro\u00dfen Wert darauf dass unsere Kunden jederzeit wissen wer auf ihrer [&hellip;]<\/p>\n","protected":false},"author":1,"featured_media":0,"parent":0,"menu_order":5,"comment_status":"closed","ping_status":"closed","template":"","meta":{"footnotes":""},"class_list":["post-54","page","type-page","status-publish","hentry"],"_links":{"self":[{"href":"https:\/\/avionyx.blog\/index.php\/wp-json\/wp\/v2\/pages\/54","targetHints":{"allow":["GET"]}}],"collection":[{"href":"https:\/\/avionyx.blog\/index.php\/wp-json\/wp\/v2\/pages"}],"about":[{"href":"https:\/\/avionyx.blog\/index.php\/wp-json\/wp\/v2\/types\/page"}],"author":[{"embeddable":true,"href":"https:\/\/avionyx.blog\/index.php\/wp-json\/wp\/v2\/users\/1"}],"replies":[{"embeddable":true,"href":"https:\/\/avionyx.blog\/index.php\/wp-json\/wp\/v2\/comments?post=54"}],"version-history":[{"count":1,"href":"https:\/\/avionyx.blog\/index.php\/wp-json\/wp\/v2\/pages\/54\/revisions"}],"predecessor-version":[{"id":55,"href":"https:\/\/avionyx.blog\/index.php\/wp-json\/wp\/v2\/pages\/54\/revisions\/55"}],"wp:attachment":[{"href":"https:\/\/avionyx.blog\/index.php\/wp-json\/wp\/v2\/media?parent=54"}],"curies":[{"name":"wp","href":"https:\/\/api.w.org\/{rel}","templated":true}]}}