{"id":21,"date":"2026-03-02T13:25:35","date_gmt":"2026-03-02T13:25:35","guid":{"rendered":"https:\/\/avionyx.blog\/?page_id=21"},"modified":"2026-03-16T15:39:46","modified_gmt":"2026-03-16T15:39:46","slug":"kontakt-aufnehmen","status":"publish","type":"page","link":"https:\/\/avionyx.blog\/index.php\/kontakt-aufnehmen\/","title":{"rendered":"KONTAKT UND BAUBESPRECHUNG"},"content":{"rendered":"\n<p>Der direkte Weg zu einer soliden Renovierung in Oberhausen f\u00fchrt immer \u00fcber eine klare und ehrliche Kommunikation. Mein Name ist Bouabdellah Houari und ich leite das Team von avionyx. Wir sind f\u00fcnf erfahrene Handwerker die tagt\u00e4glich auf den Baustellen im Ruhrgebiet stehen um Wohnungen und alte H\u00e4user von Grund auf zu sanieren. Da wir unser Geld mit harter k\u00f6rperlicher Arbeit verdienen und nicht den ganzen Tag am Schreibtisch sitzen ist der digitale Weg f\u00fcr die erste Kontaktaufnahme am effizientesten f\u00fcr beide Seiten.<\/p>\n\n\n\n<p>Ihre Anlaufstelle f\u00fcr solides Handwerk <\/p>\n\n\n\n<p>\u25ba Verantwortlicher Bauleiter: Bouabdellah Houari<\/p>\n\n\n\n<p>\u25ba Unser Standort: Wilhelmshavener Str. 40, 46049 Oberhausen <\/p>\n\n\n\n<p>\u25ba Elektronisches Postfach f\u00fcr Anfragen: mail@avionyx.blog <\/p>\n\n\n\n<p>\u25ba Handwerksbetrieb: avionyx Innenausbau<\/p>\n\n\n\n<p>\u25ba Telefon: +49-162-123-45-23<\/p>\n\n\n\n<p>Wie wir bei avionyx arbeiten Wenn Sie ein ernsthaftes Umbauprojekt planen schreiben Sie uns eine detaillierte Nachricht an mail@avionyx.blog. Beschreiben Sie kurz was genau gemacht werden muss. Geht es um eine komplette Badsanierung oder den kompletten Trockenbau in einem Dachgeschoss. Wenn Sie erste Fotos der aktuellen R\u00e4umlichkeiten anh\u00e4ngen k\u00f6nnen hilft uns das bei der groben Einsch\u00e4tzung enorm. Wir erstellen jedoch absolut keine verbindlichen Kostenvoranschl\u00e4ge aus der Ferne. Echtes Handwerk erfordert eine gr\u00fcndliche Pr\u00fcfung der Bausubstanz vor Ort. Ich komme pers\u00f6nlich zu Ihnen um die feuchten W\u00e4nde die alten Leitungen und die Statik zu begutachten bevor wir \u00fcberhaupt \u00fcber finale Preise reden.<\/p>\n","protected":false},"excerpt":{"rendered":"<p>Der direkte Weg zu einer soliden Renovierung in Oberhausen f\u00fchrt immer \u00fcber eine klare und ehrliche Kommunikation. Mein Name ist Bouabdellah Houari und ich leite das Team von avionyx. Wir sind f\u00fcnf erfahrene Handwerker die tagt\u00e4glich auf den Baustellen im Ruhrgebiet stehen um Wohnungen und alte H\u00e4user von Grund auf zu sanieren. Da wir unser [&hellip;]<\/p>\n","protected":false},"author":1,"featured_media":0,"parent":0,"menu_order":4,"comment_status":"closed","ping_status":"closed","template":"","meta":{"footnotes":""},"class_list":["post-21","page","type-page","status-publish","hentry"],"_links":{"self":[{"href":"https:\/\/avionyx.blog\/index.php\/wp-json\/wp\/v2\/pages\/21","targetHints":{"allow":["GET"]}}],"collection":[{"href":"https:\/\/avionyx.blog\/index.php\/wp-json\/wp\/v2\/pages"}],"about":[{"href":"https:\/\/avionyx.blog\/index.php\/wp-json\/wp\/v2\/types\/page"}],"author":[{"embeddable":true,"href":"https:\/\/avionyx.blog\/index.php\/wp-json\/wp\/v2\/users\/1"}],"replies":[{"embeddable":true,"href":"https:\/\/avionyx.blog\/index.php\/wp-json\/wp\/v2\/comments?post=21"}],"version-history":[{"count":4,"href":"https:\/\/avionyx.blog\/index.php\/wp-json\/wp\/v2\/pages\/21\/revisions"}],"predecessor-version":[{"id":87,"href":"https:\/\/avionyx.blog\/index.php\/wp-json\/wp\/v2\/pages\/21\/revisions\/87"}],"wp:attachment":[{"href":"https:\/\/avionyx.blog\/index.php\/wp-json\/wp\/v2\/media?parent=21"}],"curies":[{"name":"wp","href":"https:\/\/api.w.org\/{rel}","templated":true}]}}